{"id":919,"date":"2022-03-05T09:44:19","date_gmt":"2022-03-05T12:44:19","guid":{"rendered":"http:\/\/iabrs.org.br\/?page_id=919"},"modified":"2025-10-27T19:52:51","modified_gmt":"2025-10-27T22:52:51","slug":"escola-iab-rs","status":"publish","type":"page","link":"https:\/\/veraz.com.br\/iab\/escola-iab-rs\/","title":{"rendered":"Escola IAB RS"},"content":{"rendered":"\t\t<div data-elementor-type=\"wp-page\" data-elementor-id=\"919\" class=\"elementor elementor-919\" data-elementor-post-type=\"page\">\n\t\t\t\t\t\t<section class=\"elementor-section elementor-top-section elementor-element elementor-element-ee10682 elementor-section-boxed elementor-section-height-default elementor-section-height-default\" data-id=\"ee10682\" data-element_type=\"section\" data-e-type=\"section\">\n\t\t\t\t\t\t<div class=\"elementor-container elementor-column-gap-default\">\n\t\t\t\t\t<div class=\"elementor-column elementor-col-100 elementor-top-column elementor-element elementor-element-4a6d535\" data-id=\"4a6d535\" data-element_type=\"column\" data-e-type=\"column\">\n\t\t\t<div class=\"elementor-widget-wrap elementor-element-populated\">\n\t\t\t\t\t\t<div class=\"elementor-element elementor-element-2c96135 elementor-hidden-tablet elementor-hidden-mobile elementor-widget elementor-widget-image\" data-id=\"2c96135\" data-element_type=\"widget\" data-e-type=\"widget\" data-widget_type=\"image.default\">\n\t\t\t\t<div class=\"elementor-widget-container\">\n\t\t\t\t\t\t\t\t\t\t\t\t\t\t\t<img fetchpriority=\"high\" decoding=\"async\" width=\"1202\" height=\"400\" src=\"https:\/\/veraz.com.br\/iab\/wp-content\/uploads\/2025\/09\/escola_interna.jpg\" class=\"attachment-full size-full wp-image-26947\" alt=\"\" srcset=\"https:\/\/veraz.com.br\/iab\/wp-content\/uploads\/2025\/09\/escola_interna.jpg 1202w, https:\/\/veraz.com.br\/iab\/wp-content\/uploads\/2025\/09\/escola_interna-300x100.jpg 300w, https:\/\/veraz.com.br\/iab\/wp-content\/uploads\/2025\/09\/escola_interna-768x256.jpg 768w, https:\/\/veraz.com.br\/iab\/wp-content\/uploads\/2025\/09\/escola_interna-1024x341.jpg 1024w\" sizes=\"(max-width: 1202px) 100vw, 1202px\" \/>\t\t\t\t\t\t\t\t\t\t\t\t\t\t\t<\/div>\n\t\t\t\t<\/div>\n\t\t\t\t<div class=\"elementor-element elementor-element-fb8b5bf elementor-hidden-desktop elementor-widget elementor-widget-image\" data-id=\"fb8b5bf\" data-element_type=\"widget\" data-e-type=\"widget\" data-widget_type=\"image.default\">\n\t\t\t\t<div class=\"elementor-widget-container\">\n\t\t\t\t\t\t\t\t\t\t\t\t\t\t\t<img decoding=\"async\" width=\"400\" height=\"501\" src=\"https:\/\/veraz.com.br\/iab\/wp-content\/uploads\/2025\/09\/escola_interna_mob-1.jpg\" class=\"attachment-full size-full wp-image-27226\" alt=\"\" srcset=\"https:\/\/veraz.com.br\/iab\/wp-content\/uploads\/2025\/09\/escola_interna_mob-1.jpg 400w, https:\/\/veraz.com.br\/iab\/wp-content\/uploads\/2025\/09\/escola_interna_mob-1-240x300.jpg 240w\" sizes=\"(max-width: 400px) 100vw, 400px\" \/>\t\t\t\t\t\t\t\t\t\t\t\t\t\t\t<\/div>\n\t\t\t\t<\/div>\n\t\t\t\t<div class=\"elementor-element elementor-element-3e802fd elementor-widget elementor-widget-heading\" data-id=\"3e802fd\" data-element_type=\"widget\" data-e-type=\"widget\" data-widget_type=\"heading.default\">\n\t\t\t\t<div class=\"elementor-widget-container\">\n\t\t\t\t\t<h3 class=\"elementor-heading-title elementor-size-default\">Cursos e Forma\u00e7\u00e3o Continuada<\/h3>\t\t\t\t<\/div>\n\t\t\t\t<\/div>\n\t\t\t\t<div class=\"elementor-element elementor-element-d373a09 elementor-widget elementor-widget-text-editor\" data-id=\"d373a09\" data-element_type=\"widget\" data-e-type=\"widget\" data-widget_type=\"text-editor.default\">\n\t\t\t\t<div class=\"elementor-widget-container\">\n\t\t\t\t\t\t\t\t\t<p><span style=\"font-weight: 400;\">Desde 2012 a <strong>Escola IAB RS<\/strong> promove cursos de extens\u00e3o com o objetivo de capacitar profissionais da arquitetura e urbanismo e engenharia, antecipando as necessidades do mercado, difundindo conte\u00fados de refer\u00eancia, com utiliza\u00e7\u00e3o de tecnologia e inova\u00e7\u00e3o, todos ministrados por profissionais de renome no mercado. <br \/>Ap\u00f3s um per\u00edodo fechada, a Escola voltou reformulada em 2025, com novas linhas de ensino e proposta de atividades.<\/span><\/p><p>Linhas de atua\u00e7\u00e3o dos Cursos e Forma\u00e7\u00e3o da Escola IAB RS<\/p>\t\t\t\t\t\t\t\t<\/div>\n\t\t\t\t<\/div>\n\t\t\t\t<div class=\"elementor-element elementor-element-acd1a25 elementor-widget elementor-widget-heading\" data-id=\"acd1a25\" data-element_type=\"widget\" data-e-type=\"widget\" data-widget_type=\"heading.default\">\n\t\t\t\t<div class=\"elementor-widget-container\">\n\t\t\t\t\t<h2 class=\"elementor-heading-title elementor-size-default\">1. Incubadora Empresarial<\/h2>\t\t\t\t<\/div>\n\t\t\t\t<\/div>\n\t\t\t\t<div class=\"elementor-element elementor-element-d7726c7 elementor-widget elementor-widget-text-editor\" data-id=\"d7726c7\" data-element_type=\"widget\" data-e-type=\"widget\" data-widget_type=\"text-editor.default\">\n\t\t\t\t<div class=\"elementor-widget-container\">\n\t\t\t\t\t\t\t\t\t<p style=\"text-align: left;\">A linha de atua\u00e7\u00e3o <strong>Incubadora Empresarial<\/strong> conta com <span style=\"text-decoration: underline;\">cursos e atividades voltados \u00e0 profissionaliza\u00e7\u00e3o e \u00e0 administra\u00e7\u00e3o de escrit\u00f3rios ou empresas<\/span> de pequeno porte.<br \/>Os temas s\u00e3o voltados \u00e0 qualifica\u00e7\u00e3o do escrit\u00f3rio e da atua\u00e7\u00e3o dos Arquitetos e Urbanistas, como: gest\u00e3o empresarial, administra\u00e7\u00e3o de um escrit\u00f3rio, aspectos financeiros e cont\u00e1beis, aplica\u00e7\u00e3o da tabela de honor\u00e1rios, precifica\u00e7\u00e3o, marketing para arquitetos, aspectos legais e jur\u00eddicos, licita\u00e7\u00f5es p\u00fablicas, comunica\u00e7\u00e3o para neg\u00f3cios, empreendedorismo, entre outros.<\/p>\t\t\t\t\t\t\t\t<\/div>\n\t\t\t\t<\/div>\n\t\t\t\t<div class=\"elementor-element elementor-element-1be7385 elementor-widget elementor-widget-heading\" data-id=\"1be7385\" data-element_type=\"widget\" data-e-type=\"widget\" data-widget_type=\"heading.default\">\n\t\t\t\t<div class=\"elementor-widget-container\">\n\t\t\t\t\t<h2 class=\"elementor-heading-title elementor-size-default\">2. T\u00e9cnica Aplicada<\/h2>\t\t\t\t<\/div>\n\t\t\t\t<\/div>\n\t\t\t\t<div class=\"elementor-element elementor-element-8c211c3 elementor-widget elementor-widget-text-editor\" data-id=\"8c211c3\" data-element_type=\"widget\" data-e-type=\"widget\" data-widget_type=\"text-editor.default\">\n\t\t\t\t<div class=\"elementor-widget-container\">\n\t\t\t\t\t\t\t\t\t<p style=\"text-align: left;\">A linha de atua\u00e7\u00e3o<strong> T\u00e9cnica Aplicada<\/strong> conta com <span style=\"text-decoration: underline;\">cursos t\u00e9cnicos de aperfei\u00e7oamento e atualiza\u00e7\u00e3o em atividades de suporte \u00e0 atua\u00e7\u00e3o<\/span> profissional.<br \/>S\u00e3o basicamente cursos de treinamento e aprendizado de softwares espec\u00edficos aplicados \u00e0 \u00e1rea de arquitetura e urbanismo (SIG, Revit, ArquiCad), t\u00e9cnicas de representa\u00e7\u00e3o, fotografia para arquitetos, tecnologia e aplica\u00e7\u00e3o de sistemas construtivos e sistemas de infra-estrutura, entre outros.<\/p>\t\t\t\t\t\t\t\t<\/div>\n\t\t\t\t<\/div>\n\t\t\t\t<div class=\"elementor-element elementor-element-613b271 elementor-widget elementor-widget-heading\" data-id=\"613b271\" data-element_type=\"widget\" data-e-type=\"widget\" data-widget_type=\"heading.default\">\n\t\t\t\t<div class=\"elementor-widget-container\">\n\t\t\t\t\t<h2 class=\"elementor-heading-title elementor-size-default\">3. Forma\u00e7\u00e3o Complementar<\/h2>\t\t\t\t<\/div>\n\t\t\t\t<\/div>\n\t\t\t\t<div class=\"elementor-element elementor-element-50055bf elementor-widget elementor-widget-text-editor\" data-id=\"50055bf\" data-element_type=\"widget\" data-e-type=\"widget\" data-widget_type=\"text-editor.default\">\n\t\t\t\t<div class=\"elementor-widget-container\">\n\t\t\t\t\t\t\t\t\t<p style=\"text-align: left;\">A linha de atua\u00e7\u00e3o <strong>Forma\u00e7\u00e3o Complementar<\/strong> conta com cursos e atividades voltadas para a complementa\u00e7\u00e3o e especializa\u00e7\u00e3o nas \u00e1reas de atribui\u00e7\u00f5es profissionais dos Arquitetos e Urbanistas.<br \/>Os temas s\u00e3o nas \u00e1reas de Arquitetura de Interiores, Paisagismo, Edifica\u00e7\u00f5es (industriais, hospitalares, tecnologia, etc.), Patrim\u00f4nio e Restauro, Urbanismo e Planejamento Urbano, Instala\u00e7\u00f5es e Estruturas, Avalia\u00e7\u00f5es e Per\u00edcias, entre outras.<br \/>Esta \u00e9 a principal linha de atua\u00e7\u00e3o, na qual o IAB RS mant\u00e9m rela\u00e7\u00e3o com diversas Universidades e Institui\u00e7\u00f5es parceiras, que colaboram na promo\u00e7\u00e3o das atividades.<\/p>\t\t\t\t\t\t\t\t<\/div>\n\t\t\t\t<\/div>\n\t\t\t\t<div class=\"elementor-element elementor-element-1c4315b elementor-widget elementor-widget-heading\" data-id=\"1c4315b\" data-element_type=\"widget\" data-e-type=\"widget\" data-widget_type=\"heading.default\">\n\t\t\t\t<div class=\"elementor-widget-container\">\n\t\t\t\t\t<h2 class=\"elementor-heading-title elementor-size-default\">4. Cultura Arquitet\u00f4nica<\/h2>\t\t\t\t<\/div>\n\t\t\t\t<\/div>\n\t\t\t\t<div class=\"elementor-element elementor-element-4133205 elementor-widget elementor-widget-text-editor\" data-id=\"4133205\" data-element_type=\"widget\" data-e-type=\"widget\" data-widget_type=\"text-editor.default\">\n\t\t\t\t<div class=\"elementor-widget-container\">\n\t\t\t\t\t\t\t\t\t<p style=\"text-align: left;\">A linha de atua\u00e7\u00e3o <strong>Cultura Arquitet\u00f4nica<\/strong> re\u00fane<span style=\"text-decoration: underline;\"> atividades voltadas para a divulga\u00e7\u00e3o da arquitetura na sociedade<\/span> e cursos e eventos com os temas de interesse m\u00fatuo dos arquitetos e da comunidade.<br \/>Os cursos s\u00e3o nas \u00e1reas das artes pl\u00e1sticas, teatro, cinema, fotografia, diversos relacionando a cultura e a arquitetura, cursos de informa\u00e7\u00e3o de leigos nos temas da arquitetura, assim como visitas e viagens guiadas.<\/p>\t\t\t\t\t\t\t\t<\/div>\n\t\t\t\t<\/div>\n\t\t\t\t<div class=\"elementor-element elementor-element-7bf1dba elementor-mobile-align-center elementor-widget elementor-widget-button\" data-id=\"7bf1dba\" data-element_type=\"widget\" data-e-type=\"widget\" data-widget_type=\"button.default\">\n\t\t\t\t<div class=\"elementor-widget-container\">\n\t\t\t\t\t\t\t\t\t<div class=\"elementor-button-wrapper\">\n\t\t\t\t\t<a class=\"elementor-button elementor-button-link elementor-size-sm\" href=\"https:\/\/www.instagram.com\/escolaiabrs\/\">\n\t\t\t\t\t\t<span class=\"elementor-button-content-wrapper\">\n\t\t\t\t\t\t\t\t\t<span class=\"elementor-button-text\">Saiba mais sobre os cursos oferecidos<\/span>\n\t\t\t\t\t<\/span>\n\t\t\t\t\t<\/a>\n\t\t\t\t<\/div>\n\t\t\t\t\t\t\t\t<\/div>\n\t\t\t\t<\/div>\n\t\t\t\t\t<\/div>\n\t\t<\/div>\n\t\t\t\t\t<\/div>\n\t\t<\/section>\n\t\t\t\t<\/div>\n\t\t","protected":false},"excerpt":{"rendered":"<p>Cursos e Forma\u00e7\u00e3o Continuada Desde 2012 a Escola IAB RS promove cursos de extens\u00e3o com o objetivo de capacitar profissionais da arquitetura e urbanismo e engenharia, antecipando as necessidades do mercado, difundindo conte\u00fados de refer\u00eancia, com utiliza\u00e7\u00e3o de tecnologia e inova\u00e7\u00e3o, todos ministrados por profissionais de renome no mercado. Ap\u00f3s um per\u00edodo fechada, a Escola [&hellip;]<\/p>\n","protected":false},"author":75245,"featured_media":0,"parent":0,"menu_order":0,"comment_status":"closed","ping_status":"closed","template":"","meta":{"_acf_changed":false,"_crdt_document":"","footnotes":""},"class_list":["post-919","page","type-page","status-publish","hentry"],"acf":[],"_links":{"self":[{"href":"https:\/\/veraz.com.br\/iab\/wp-json\/wp\/v2\/pages\/919","targetHints":{"allow":["GET"]}}],"collection":[{"href":"https:\/\/veraz.com.br\/iab\/wp-json\/wp\/v2\/pages"}],"about":[{"href":"https:\/\/veraz.com.br\/iab\/wp-json\/wp\/v2\/types\/page"}],"author":[{"embeddable":true,"href":"https:\/\/veraz.com.br\/iab\/wp-json\/wp\/v2\/users\/75245"}],"replies":[{"embeddable":true,"href":"https:\/\/veraz.com.br\/iab\/wp-json\/wp\/v2\/comments?post=919"}],"version-history":[{"count":125,"href":"https:\/\/veraz.com.br\/iab\/wp-json\/wp\/v2\/pages\/919\/revisions"}],"predecessor-version":[{"id":28759,"href":"https:\/\/veraz.com.br\/iab\/wp-json\/wp\/v2\/pages\/919\/revisions\/28759"}],"wp:attachment":[{"href":"https:\/\/veraz.com.br\/iab\/wp-json\/wp\/v2\/media?parent=919"}],"curies":[{"name":"wp","href":"https:\/\/api.w.org\/{rel}","templated":true}]}}