{"id":731,"date":"2022-03-03T23:02:02","date_gmt":"2022-03-04T02:02:02","guid":{"rendered":"http:\/\/iabrs.org.br\/?page_id=731"},"modified":"2025-09-18T16:21:26","modified_gmt":"2025-09-18T19:21:26","slug":"associe-se-ao-iab-rs","status":"publish","type":"page","link":"https:\/\/veraz.com.br\/iab\/associe-se-ao-iab-rs\/","title":{"rendered":"Associe-se ao IAB RS"},"content":{"rendered":"\t\t<div data-elementor-type=\"wp-page\" data-elementor-id=\"731\" class=\"elementor elementor-731\" data-elementor-post-type=\"page\">\n\t\t\t\t\t\t<section class=\"elementor-section elementor-top-section elementor-element elementor-element-3edc135 elementor-section-boxed elementor-section-height-default elementor-section-height-default\" data-id=\"3edc135\" data-element_type=\"section\" data-e-type=\"section\">\n\t\t\t\t\t\t<div class=\"elementor-container elementor-column-gap-no\">\n\t\t\t\t\t<div class=\"elementor-column elementor-col-100 elementor-top-column elementor-element elementor-element-45773db\" data-id=\"45773db\" data-element_type=\"column\" data-e-type=\"column\">\n\t\t\t<div class=\"elementor-widget-wrap elementor-element-populated\">\n\t\t\t\t\t\t<div class=\"elementor-element elementor-element-d075efa lista-iab-faz elementor-widget elementor-widget-toggle\" data-id=\"d075efa\" data-element_type=\"widget\" data-e-type=\"widget\" data-widget_type=\"toggle.default\">\n\t\t\t\t<div class=\"elementor-widget-container\">\n\t\t\t\t\t\t\t<div class=\"elementor-toggle\">\n\t\t\t\t\t\t\t<div class=\"elementor-toggle-item\">\n\t\t\t\t\t<div id=\"elementor-tab-title-2181\" class=\"elementor-tab-title\" data-tab=\"1\" role=\"button\" aria-controls=\"elementor-tab-content-2181\" aria-expanded=\"false\">\n\t\t\t\t\t\t\t\t\t\t\t\t<span class=\"elementor-toggle-icon elementor-toggle-icon-right\" aria-hidden=\"true\">\n\t\t\t\t\t\t\t\t\t\t\t\t\t\t\t<span class=\"elementor-toggle-icon-closed\"><i class=\"fas fa-chevron-down\"><\/i><\/span>\n\t\t\t\t\t\t\t\t<span class=\"elementor-toggle-icon-opened\"><i class=\"elementor-toggle-icon-opened fas fa-chevron-up\"><\/i><\/span>\n\t\t\t\t\t\t\t\t\t\t\t\t\t<\/span>\n\t\t\t\t\t\t\t\t\t\t\t\t<a class=\"elementor-toggle-title\" tabindex=\"0\">1. O QUE O IAB RS FAZ PELA CATEGORIA?<\/a>\n\t\t\t\t\t<\/div>\n\n\t\t\t\t\t<div id=\"elementor-tab-content-2181\" class=\"elementor-tab-content elementor-clearfix\" data-tab=\"1\" role=\"region\" aria-labelledby=\"elementor-tab-title-2181\"><ul><li>Defende o arquiteto e a profiss\u00e3o;<\/li><li>Mant\u00eam a sede aberta diariamente, o Ponto de Cultura do Solar do IAB;<\/li><li>Promove eventos culturais e profissionais, al\u00e9m de exposi\u00e7\u00f5es de arte;<\/li><li>Promove cursos de forma\u00e7\u00e3o profissional;<\/li><li>Mant\u00e9m n\u00facleos atuantes no interior do RS;<\/li><li>Representa os arquitetos em in\u00fameros conselhos p\u00fablicos municipais e estaduais atuando em defesa <br \/>e promo\u00e7\u00e3o da arquitetura, planejamento e patrim\u00f4nio, levando a vis\u00e3o do arquiteto para dentro da esfera de decis\u00e3o p\u00fablica;<\/li><li>Busca influir na m\u00eddia abrindo espa\u00e7o para os temas da arquitetura;<\/li><li>Promove e divulga Concursos de P\u00fablicos de Arquitetura e Urbanismo;<\/li><li>Atua junto ao CAU colaborando para que este cumpra com a sua miss\u00e3o;<\/li><li>Promove a Assist\u00eancia T\u00e9cnica;\u00a0<\/li><li>Colabora com as iniciativas nacionais do IAB como a elabora\u00e7\u00e3o da Tabela de Honor\u00e1rios que foi adotada pelo CAU, a campanha contra o RDC e por Projetos Completos para obras p\u00fablicas, a qualifica\u00e7\u00e3o dos concursos p\u00fablicos de arquitetura, a implanta\u00e7\u00e3o da Assist\u00eancia T\u00e9cnica \u00e0s fam\u00edlias de baixa renda, e tantas outras como a realiza\u00e7\u00e3o de eventos nacionais e internacionais.\u00a0\u00a0<\/li><\/ul><\/div>\n\t\t\t\t<\/div>\n\t\t\t\t\t\t\t<div class=\"elementor-toggle-item\">\n\t\t\t\t\t<div id=\"elementor-tab-title-2182\" class=\"elementor-tab-title\" data-tab=\"2\" role=\"button\" aria-controls=\"elementor-tab-content-2182\" aria-expanded=\"false\">\n\t\t\t\t\t\t\t\t\t\t\t\t<span class=\"elementor-toggle-icon elementor-toggle-icon-right\" aria-hidden=\"true\">\n\t\t\t\t\t\t\t\t\t\t\t\t\t\t\t<span class=\"elementor-toggle-icon-closed\"><i class=\"fas fa-chevron-down\"><\/i><\/span>\n\t\t\t\t\t\t\t\t<span class=\"elementor-toggle-icon-opened\"><i class=\"elementor-toggle-icon-opened fas fa-chevron-up\"><\/i><\/span>\n\t\t\t\t\t\t\t\t\t\t\t\t\t<\/span>\n\t\t\t\t\t\t\t\t\t\t\t\t<a class=\"elementor-toggle-title\" tabindex=\"0\">2. O QUE O IAB RS FAZ POR VOC\u00ca?<\/a>\n\t\t\t\t\t<\/div>\n\n\t\t\t\t\t<div id=\"elementor-tab-content-2182\" class=\"elementor-tab-content elementor-clearfix\" data-tab=\"2\" role=\"region\" aria-labelledby=\"elementor-tab-title-2182\"><ul><li>Oferece o MELHOR CONV\u00caNIO DE SA\u00daDE para os arquitetos ga\u00fachos atrav\u00e9s da Unimed;<\/li><li>Disponibiliza sua ASSESSORIA JUR\u00cdDICA e CONT\u00c1BIL para consultas gratuitas aos associados;<\/li><li>Oferece descontos nos cursos e demais atividades pagas;<\/li><li>Favorece a integra\u00e7\u00e3o e amplia\u00e7\u00e3o de sua rede de contatos profissionais.<\/li><\/ul><\/div>\n\t\t\t\t<\/div>\n\t\t\t\t\t\t\t<div class=\"elementor-toggle-item\">\n\t\t\t\t\t<div id=\"elementor-tab-title-2183\" class=\"elementor-tab-title\" data-tab=\"3\" role=\"button\" aria-controls=\"elementor-tab-content-2183\" aria-expanded=\"false\">\n\t\t\t\t\t\t\t\t\t\t\t\t<span class=\"elementor-toggle-icon elementor-toggle-icon-right\" aria-hidden=\"true\">\n\t\t\t\t\t\t\t\t\t\t\t\t\t\t\t<span class=\"elementor-toggle-icon-closed\"><i class=\"fas fa-chevron-down\"><\/i><\/span>\n\t\t\t\t\t\t\t\t<span class=\"elementor-toggle-icon-opened\"><i class=\"elementor-toggle-icon-opened fas fa-chevron-up\"><\/i><\/span>\n\t\t\t\t\t\t\t\t\t\t\t\t\t<\/span>\n\t\t\t\t\t\t\t\t\t\t\t\t<a class=\"elementor-toggle-title\" tabindex=\"0\">3. O QUE VOC\u00ca PODE FAZER PELO IAB RS E PELA CATEGORIA?<\/a>\n\t\t\t\t\t<\/div>\n\n\t\t\t\t\t<div id=\"elementor-tab-content-2183\" class=\"elementor-tab-content elementor-clearfix\" data-tab=\"3\" role=\"region\" aria-labelledby=\"elementor-tab-title-2183\"><ul><li>Ser s\u00f3cio e pagar a anuidade; apoiar o IAB e participar das diversas atividades; criticar e ajudar a construir as pol\u00edticas p\u00fablicas de interesse dos arquitetos; integrar-se \u00e0s m\u00eddias do IAB RS para contribuir com sua opini\u00e3o e cr\u00edtica.<\/li><\/ul><\/div>\n\t\t\t\t<\/div>\n\t\t\t\t\t\t\t\t<\/div>\n\t\t\t\t\t\t<\/div>\n\t\t\t\t<\/div>\n\t\t\t\t\t<\/div>\n\t\t<\/div>\n\t\t\t\t\t<\/div>\n\t\t<\/section>\n\t\t\t\t<section class=\"elementor-section elementor-top-section elementor-element elementor-element-7fb6d5f container-associesse elementor-section-boxed elementor-section-height-default elementor-section-height-default\" data-id=\"7fb6d5f\" data-element_type=\"section\" data-e-type=\"section\" data-settings=\"{&quot;background_background&quot;:&quot;classic&quot;}\">\n\t\t\t\t\t\t<div class=\"elementor-container elementor-column-gap-default\">\n\t\t\t\t\t<div class=\"elementor-column elementor-col-50 elementor-top-column elementor-element elementor-element-1566c55\" data-id=\"1566c55\" data-element_type=\"column\" data-e-type=\"column\">\n\t\t\t<div class=\"elementor-widget-wrap elementor-element-populated\">\n\t\t\t\t\t\t<div class=\"elementor-element elementor-element-34a4de8 elementor-widget elementor-widget-image\" data-id=\"34a4de8\" data-element_type=\"widget\" data-e-type=\"widget\" data-widget_type=\"image.default\">\n\t\t\t\t<div class=\"elementor-widget-container\">\n\t\t\t\t\t\t\t\t\t\t\t\t\t\t\t<img fetchpriority=\"high\" decoding=\"async\" width=\"564\" height=\"382\" src=\"https:\/\/veraz.com.br\/iab\/wp-content\/uploads\/2025\/09\/socio_564x382.jpg\" class=\"attachment-large size-large wp-image-26981\" alt=\"\" srcset=\"https:\/\/veraz.com.br\/iab\/wp-content\/uploads\/2025\/09\/socio_564x382.jpg 564w, https:\/\/veraz.com.br\/iab\/wp-content\/uploads\/2025\/09\/socio_564x382-300x203.jpg 300w\" sizes=\"(max-width: 564px) 100vw, 564px\" \/>\t\t\t\t\t\t\t\t\t\t\t\t\t\t\t<\/div>\n\t\t\t\t<\/div>\n\t\t\t\t\t<\/div>\n\t\t<\/div>\n\t\t\t\t<div class=\"elementor-column elementor-col-50 elementor-top-column elementor-element elementor-element-96416d1\" data-id=\"96416d1\" data-element_type=\"column\" data-e-type=\"column\">\n\t\t\t<div class=\"elementor-widget-wrap elementor-element-populated\">\n\t\t\t\t\t\t<div class=\"elementor-element elementor-element-9788c96 form-cadastro elementor-button-align-stretch elementor-widget elementor-widget-form\" data-id=\"9788c96\" data-element_type=\"widget\" data-e-type=\"widget\" data-settings=\"{&quot;button_width&quot;:&quot;40&quot;,&quot;step_next_label&quot;:&quot;Next&quot;,&quot;step_previous_label&quot;:&quot;Previous&quot;,&quot;step_type&quot;:&quot;number_text&quot;,&quot;step_icon_shape&quot;:&quot;circle&quot;}\" data-widget_type=\"form.default\">\n\t\t\t\t<div class=\"elementor-widget-container\">\n\t\t\t\t\t\t\t<form class=\"elementor-form\" method=\"post\" name=\"New Form\" aria-label=\"New Form\">\n\t\t\t<input type=\"hidden\" name=\"post_id\" value=\"731\"\/>\n\t\t\t<input type=\"hidden\" name=\"form_id\" value=\"9788c96\"\/>\n\t\t\t<input type=\"hidden\" name=\"referer_title\" value=\"Associe-se ao IAB RS\" \/>\n\n\t\t\t\t\t\t\t<input type=\"hidden\" name=\"queried_id\" value=\"731\"\/>\n\t\t\t\n\t\t\t<div class=\"elementor-form-fields-wrapper elementor-labels-\">\n\t\t\t\t\t\t\t\t<div class=\"elementor-field-type-text elementor-field-group elementor-column elementor-field-group-name elementor-col-100\">\n\t\t\t\t\t\t\t\t\t\t\t\t\t<input size=\"1\" type=\"text\" name=\"form_fields[name]\" id=\"form-field-name\" class=\"elementor-field elementor-size-sm  elementor-field-textual\" placeholder=\"Seu nome*\">\n\t\t\t\t\t\t\t\t\t\t\t<\/div>\n\t\t\t\t\t\t\t\t<div class=\"elementor-field-type-email elementor-field-group elementor-column elementor-field-group-email elementor-col-100 elementor-field-required\">\n\t\t\t\t\t\t\t\t\t\t\t\t\t<input size=\"1\" type=\"email\" name=\"form_fields[email]\" id=\"form-field-email\" class=\"elementor-field elementor-size-sm  elementor-field-textual\" placeholder=\"Informe seu e-mail*\" required=\"required\">\n\t\t\t\t\t\t\t\t\t\t\t<\/div>\n\t\t\t\t\t\t\t\t<div class=\"elementor-field-type-text elementor-field-group elementor-column elementor-field-group-field_6791659 elementor-col-100\">\n\t\t\t\t\t\t\t\t\t\t\t\t\t<input size=\"1\" type=\"text\" name=\"form_fields[field_6791659]\" id=\"form-field-field_6791659\" class=\"elementor-field elementor-size-sm  elementor-field-textual\" placeholder=\"Telefone de contato\">\n\t\t\t\t\t\t\t\t\t\t\t<\/div>\n\t\t\t\t\t\t\t\t<div class=\"elementor-field-group elementor-column elementor-field-type-submit elementor-col-40 e-form__buttons\">\n\t\t\t\t\t<button class=\"elementor-button elementor-size-sm\" type=\"submit\">\n\t\t\t\t\t\t<span class=\"elementor-button-content-wrapper\">\n\t\t\t\t\t\t\t\t\t\t\t\t\t\t\t\t\t\t\t\t\t\t<span class=\"elementor-button-text\">Enviar<\/span>\n\t\t\t\t\t\t\t\t\t\t\t\t\t<\/span>\n\t\t\t\t\t<\/button>\n\t\t\t\t<\/div>\n\t\t\t<\/div>\n\t\t<\/form>\n\t\t\t\t\t\t<\/div>\n\t\t\t\t<\/div>\n\t\t\t\t\t<\/div>\n\t\t<\/div>\n\t\t\t\t\t<\/div>\n\t\t<\/section>\n\t\t\t\t<\/div>\n\t\t","protected":false},"excerpt":{"rendered":"<p>1. O QUE O IAB RS FAZ PELA CATEGORIA? Defende o arquiteto e a profiss\u00e3o; Mant\u00eam a sede aberta diariamente, o Ponto de Cultura do Solar do IAB; Promove eventos culturais e profissionais, al\u00e9m de exposi\u00e7\u00f5es de arte; Promove cursos de forma\u00e7\u00e3o profissional; Mant\u00e9m n\u00facleos atuantes no interior do RS; Representa os arquitetos em in\u00fameros [&hellip;]<\/p>\n","protected":false},"author":75245,"featured_media":0,"parent":0,"menu_order":0,"comment_status":"closed","ping_status":"closed","template":"","meta":{"_acf_changed":false,"_crdt_document":"","footnotes":""},"class_list":["post-731","page","type-page","status-publish","hentry"],"acf":[],"_links":{"self":[{"href":"https:\/\/veraz.com.br\/iab\/wp-json\/wp\/v2\/pages\/731","targetHints":{"allow":["GET"]}}],"collection":[{"href":"https:\/\/veraz.com.br\/iab\/wp-json\/wp\/v2\/pages"}],"about":[{"href":"https:\/\/veraz.com.br\/iab\/wp-json\/wp\/v2\/types\/page"}],"author":[{"embeddable":true,"href":"https:\/\/veraz.com.br\/iab\/wp-json\/wp\/v2\/users\/75245"}],"replies":[{"embeddable":true,"href":"https:\/\/veraz.com.br\/iab\/wp-json\/wp\/v2\/comments?post=731"}],"version-history":[{"count":215,"href":"https:\/\/veraz.com.br\/iab\/wp-json\/wp\/v2\/pages\/731\/revisions"}],"predecessor-version":[{"id":28004,"href":"https:\/\/veraz.com.br\/iab\/wp-json\/wp\/v2\/pages\/731\/revisions\/28004"}],"wp:attachment":[{"href":"https:\/\/veraz.com.br\/iab\/wp-json\/wp\/v2\/media?parent=731"}],"curies":[{"name":"wp","href":"https:\/\/api.w.org\/{rel}","templated":true}]}}